{"id":2281,"date":"2025-03-13T14:33:31","date_gmt":"2025-03-13T14:33:31","guid":{"rendered":"https:\/\/www.wizejournal.com\/?page_id=2281"},"modified":"2025-03-13T14:48:06","modified_gmt":"2025-03-13T14:48:06","slug":"impressum","status":"publish","type":"page","link":"https:\/\/www.wizejournal.com\/index.php\/impressum\/","title":{"rendered":"Impressum | Imprint"},"content":{"rendered":"\t\t<div data-elementor-type=\"wp-page\" data-elementor-id=\"2281\" class=\"elementor elementor-2281\" data-elementor-post-type=\"page\">\n\t\t\t\t<div class=\"elementor-element elementor-element-72ea8957 e-flex e-con-boxed e-con e-parent\" data-id=\"72ea8957\" data-element_type=\"container\">\n\t\t\t\t\t<div class=\"e-con-inner\">\n\t\t\t\t<div class=\"elementor-element elementor-element-54286c6 elementor-widget elementor-widget-text-editor\" data-id=\"54286c6\" data-element_type=\"widget\" data-widget_type=\"text-editor.default\">\n\t\t\t\t<div class=\"elementor-widget-container\">\n\t\t\t\t\t\t\t\t\t<p><\/p>\n<h1 class=\"wp-block-heading\">Impressum | Imprint<\/h1>\n<p><\/p>\n<p><u>Betreiber &amp; Verantwortlicher gem\u00e4\u00df \u00a7 5 ECG, \u00a7 25 MedienG und \u00a7 14 UGB<\/u>:<br><b>WIZE Journal &#8211; Luis Daniel Avila<\/b> <b>(Einzelunternehmer, nicht im Firmenbuch eingetragen)<\/b><br>Adresse: Petersbrunnstra\u00dfe 9, 5020 Salzburg, \u00d6sterreich<br>E-Mail: <a>legal@wizejournal.com<\/a><\/p>\n<p><\/p>\n<p><u>Unternehmensgegenstand<\/u>:<br>Erstellung, Ver\u00f6ffentlichung und Verbreitung von k\u00fcnstlerischen, literarischen, gestalterischen sowie wissenschaftlichen und sozio\u00f6konomischen Inhalten im Rahmen kreativer Publikationen und redaktioneller Arbeiten. Dies umfasst insbesondere journalistische, analytische und kreative Beitr\u00e4ge zu Wissenschaftskommunikation, Kunst, Design sowie sozialen und wirtschaftlichen Entwicklungen.&nbsp;<\/p><p>Die T\u00e4tigkeit f\u00e4llt unter die \u00d6sterreichische Systematik der Wirtschaftst\u00e4tigkeiten (\u00d6NACE), klassifiziert unter:<\/p>\n<p><b>\u00d6NACE 9000 \u2013 Kreative, k\u00fcnstlerische und unterhaltende T\u00e4tigkeiten.<\/b><\/p>\n<p><\/p>\n<p><u style=\"font-size: 1rem;\">Gewerbeberechtigung<\/u><span style=\"font-size: 1rem;\">:<\/span><\/p><p>Freies Gewerbe gem\u00e4\u00df der \u00f6sterreichischen Gewerbeordnung.&nbsp;<\/p>\n<p><span style=\"font-size: 1rem;\"><b>UID-Nummer (Umsatzsteuer-Identifikationsnummer):&nbsp;<\/b><\/span><b style=\"font-size: 1rem;\">ATU77560523<\/b><\/p>\n<p><\/p>\n<p><u>Urheberrecht &amp; Haftung:<\/u><br>Alle ver\u00f6ffentlichten Inhalte (Texte, Bilder, Grafiken, Layouts) unterliegen dem Urheberrecht von WIZE Journal&nbsp;&#8211; Luis Daniel Avila, sofern nicht anders angegeben. Jede Nutzung oder Vervielf\u00e4ltigung bedarf der ausdr\u00fccklichen Genehmigung des Rechteinhabers.<\/p>\n<p><\/p>\n<p><u>Datenschutz<\/u>:<br>Diese Website verarbeitet personenbezogene Daten gem\u00e4\u00df der Datenschutz-Grundverordnung (DSGVO). Weitere Informationen finden Sie in unserer Datenschutzerkl\u00e4rung unten.<\/p>\n<p><\/p>\n<p><u>Haftung f\u00fcr Inhalte:<\/u><br>Der Betreiber \u00fcbernimmt keine Haftung f\u00fcr die Richtigkeit, Vollst\u00e4ndigkeit oder Aktualit\u00e4t der Inhalte.<\/p>\n<p><\/p>\n<hr class=\"wp-block-separator has-alpha-channel-opacity\">\n<p><\/p>\n<p><u style=\"font-size: 1rem;\">Operator &amp; Responsible Entity under \u00a7 5 ECG, \u00a7 25 MedienG and \u00a7 14 UGB:<\/u><\/p><p><b>Luis Daniel Avila (sole proprietor, not registered in the Austrian commercial register)<\/b><br>Address: Petersbrunnstra\u00dfe 9, 5020 Salzburg, Austria<br>Email: <a>legal@wizejournal.com<\/a><\/p>\n<p><\/p>\n<p><u>Business Activity:<\/u><br>Creation, publication, and dissemination of artistic, literary, design-related, scientific, and socio-economic content within the framework of creative publications and editorial work. This includes journalistic, analytical, and creative contributions to science communication, art, design, and social and economic development.&nbsp;<\/p>\n<p>The activity is classified under the Austrian Classification of Economic Activities (\u00d6NACE) as:<\/p><p>&nbsp;<b>\u00d6NACE 9000 \u2013 Creative, artistic, and entertainment activities.<\/b><\/p>\n<p><\/p>\n<p><u>Business License:<\/u><br>Registered as a free trade under Austrian trade regulations.&nbsp;<\/p><p><span style=\"font-size: 1rem;\"><b>VAT ID (Umsatzsteuer-Identifikationsnummer, UID Number):&nbsp;<\/b><\/span><b style=\"font-size: 1rem;\">ATU77560523<\/b><\/p>\n<p><\/p>\n<p><u>Copyright &amp; Liability:<\/u><br>All published content (texts, images, graphics, layouts) is subject to copyright by WIZE Journal \u2013 Luis Daniel Avila, unless otherwise stated. Any use or reproduction requires explicit permission from the copyright holder.<\/p>\n<p><\/p>\n<p><u>Data Protection<\/u>:<br>This website processes personal data in compliance with the General Data Protection Regulation (GDPR). Further information can be found in our Privacy Policy below.<\/p>\n<p><\/p>\n<p><u>Liability for Content:<\/u><br>The operator assumes no liability for the accuracy, completeness, or timeliness of the content.<\/p>\n<p><\/p>\t\t\t\t\t\t\t\t<\/div>\n\t\t\t\t<\/div>\n\t\t\t\t\t<\/div>\n\t\t\t\t<\/div>\n\t\t\t\t<\/div>\n\t\t","protected":false},"excerpt":{"rendered":"<p>Impressum | Imprint Betreiber &amp; Verantwortlicher gem\u00e4\u00df \u00a7 5 ECG, \u00a7 25 MedienG und \u00a7 14 UGB:WIZE Journal &#8211; Luis Daniel Avila (Einzelunternehmer, nicht im Firmenbuch eingetragen)Adresse: Petersbrunnstra\u00dfe 9, 5020 Salzburg, \u00d6sterreichE-Mail: legal@wizejournal.com Unternehmensgegenstand:Erstellung, Ver\u00f6ffentlichung und Verbreitung von k\u00fcnstlerischen, literarischen, gestalterischen sowie wissenschaftlichen und sozio\u00f6konomischen Inhalten im Rahmen kreativer Publikationen und redaktioneller Arbeiten. Dies umfasst [&hellip;]<\/p>\n","protected":false},"author":1,"featured_media":0,"parent":0,"menu_order":0,"comment_status":"closed","ping_status":"closed","template":"elementor_theme","meta":{"footnotes":""},"class_list":["post-2281","page","type-page","status-publish","hentry"],"_links":{"self":[{"href":"https:\/\/www.wizejournal.com\/index.php\/wp-json\/wp\/v2\/pages\/2281","targetHints":{"allow":["GET"]}}],"collection":[{"href":"https:\/\/www.wizejournal.com\/index.php\/wp-json\/wp\/v2\/pages"}],"about":[{"href":"https:\/\/www.wizejournal.com\/index.php\/wp-json\/wp\/v2\/types\/page"}],"author":[{"embeddable":true,"href":"https:\/\/www.wizejournal.com\/index.php\/wp-json\/wp\/v2\/users\/1"}],"replies":[{"embeddable":true,"href":"https:\/\/www.wizejournal.com\/index.php\/wp-json\/wp\/v2\/comments?post=2281"}],"version-history":[{"count":11,"href":"https:\/\/www.wizejournal.com\/index.php\/wp-json\/wp\/v2\/pages\/2281\/revisions"}],"predecessor-version":[{"id":2296,"href":"https:\/\/www.wizejournal.com\/index.php\/wp-json\/wp\/v2\/pages\/2281\/revisions\/2296"}],"wp:attachment":[{"href":"https:\/\/www.wizejournal.com\/index.php\/wp-json\/wp\/v2\/media?parent=2281"}],"curies":[{"name":"wp","href":"https:\/\/api.w.org\/{rel}","templated":true}]}}